{"id":87,"date":"2025-03-18T12:29:45","date_gmt":"2025-03-18T12:29:45","guid":{"rendered":"https:\/\/elementor.test-wp.keepgo.com\/index.php\/privacy-policy-2\/"},"modified":"2025-09-24T14:51:43","modified_gmt":"2025-09-24T14:51:43","slug":"privacy-policy-2","status":"publish","type":"page","link":"https:\/\/simforte1.com\/tr\/privacy-policy-2\/","title":{"rendered":"Gizlilik Politikas\u0131"},"content":{"rendered":"<div data-elementor-type=\"wp-page\" data-elementor-id=\"87\" class=\"elementor elementor-87\" data-elementor-post-type=\"page\">\n\t\t\t\t<div class=\"elementor-element elementor-element-77a0037f e-flex e-con-boxed e-con e-parent\" data-id=\"77a0037f\" data-element_type=\"container\">\n\t\t\t\t\t<div class=\"e-con-inner\">\n\t\t\t\t<div class=\"elementor-element elementor-element-2991adfe elementor-widget elementor-widget-heading\" data-id=\"2991adfe\" data-element_type=\"widget\" data-widget_type=\"heading.default\">\n\t\t\t\t<div class=\"elementor-widget-container\">\n\t\t\t\t\t<h2 class=\"elementor-heading-title elementor-size-default\">Gizlilik Politikas\u0131\n<\/h2>\t\t\t\t<\/div>\n\t\t\t\t<\/div>\n\t\t\t\t<div class=\"elementor-element elementor-element-59249d87 elementor-widget elementor-widget-text-editor\" data-id=\"59249d87\" data-element_type=\"widget\" data-widget_type=\"text-editor.default\">\n\t\t\t\t<div class=\"elementor-widget-container\">\n\t\t\t\t\t\t\t\t\t<p>Bu Gizlilik Politikas\u0131, web sitemizi kulland\u0131\u011f\u0131n\u0131zda taraf\u0131n\u0131zca sa\u011flanan ki\u015fisel bilgileri nas\u0131l toplad\u0131\u011f\u0131m\u0131z\u0131, kulland\u0131\u011f\u0131m\u0131z\u0131 ve korudu\u011fumuzu a\u00e7\u0131klamaktad\u0131r.<\/p><p><b>1. Toplad\u0131\u011f\u0131m\u0131z Bilgiler <\/b>Sizden a\u015fa\u011f\u0131daki t\u00fcrde ki\u015fisel bilgileri toplayabiliriz:<\/p><ul><li><i>Ki\u015fisel Kimlik Bilgileri:<\/i> This may only include your name and email address when you create an account or subscribe to our newsletter.<\/li><li style=\"font-weight: 400;\" aria-level=\"1\"><i>\u00d6deme Arac\u0131 Bilgileri:<\/i> All payment transactions are processed through a third party payment gateway provider (not connected with Simforte Group) and are not stored or processed on the Simforte servers.<\/li><li style=\"font-weight: 400;\" aria-level=\"1\"><i>Hassas Bilgiler:<\/i> Hassas bilgileri i\u015flemiyoruz. <b><\/b><\/li><\/ul><p><b>2. Bilgilerinizi Ne Zaman Topluyoruz? <\/b>Sitemize kay\u0131t oldu\u011funuzda, sipari\u015f verdi\u011finizde, b\u00fcltene abone oldu\u011funuzda, form doldurdu\u011funuzda veya sitemize bilgi girdi\u011finizde sizden bilgi topluyoruz.<\/p><p><b>3. Bilgilerinizi Nas\u0131l Kullan\u0131yoruz? <\/b>Ki\u015fisel bilgilerinizi a\u015fa\u011f\u0131daki ama\u00e7lar i\u00e7in kullanabiliriz:<\/p><ul><li>Hizmetlerimizi sunmak ve s\u00fcrd\u00fcrmek.<\/li><li style=\"font-weight: 400;\" aria-level=\"1\">Sipari\u015flerinizi ve \u00f6demelerinizi i\u015flemek i\u00e7in.<\/li><li style=\"font-weight: 400;\" aria-level=\"1\">Size g\u00fcncellemeler, b\u00fcltenler ve pazarlama ileti\u015fimleri g\u00f6ndermek.<\/li><\/ul><p><b>4. Bilgilerinizin A\u00e7\u0131klanmas\u0131 <\/b>A\u015fa\u011f\u0131daki durumlarda ki\u015fisel bilgilerinizi \u00fc\u00e7\u00fcnc\u00fc taraflarla payla\u015fma hakk\u0131m\u0131z\u0131 sakl\u0131 tutuyoruz:<\/p><ul><li style=\"font-weight: 400;\" aria-level=\"1\">Web sitemizin i\u015fletimi, \u00f6deme i\u015flemleri veya pazarlamas\u0131 konusunda bize yard\u0131mc\u0131 olan servis sa\u011flay\u0131c\u0131larla.<\/li><li style=\"font-weight: 400;\" aria-level=\"1\">Ge\u00e7erli yasal y\u00fck\u00fcml\u00fcl\u00fcklere uymak veya haklar\u0131m\u0131z\u0131, gizlili\u011fimizi, g\u00fcvenli\u011fimizi veya varl\u0131klar\u0131m\u0131z\u0131 korumak amac\u0131yla.<\/li><\/ul><p><b>5. Avrupa Genel Veri Koruma Y\u00f6netmeli\u011fi&#039;ne (GDPR) Uygunluk <\/b><\/p><ul><li>The right to access. You have the right to request Simforte for copies of your personal data.<\/li><li>The right to erasure. You have the right to request that Simforte erase your personal data, under certain conditions.<\/li><li>The right to restrict processing. You have the right to request that Simforte restrict the processing of your personal data, under certain conditions.<\/li><li>The right to object to processing. You have the right to object to the Simforte processing of your personal data, under certain conditions.<\/li><li>Bu haklardan herhangi birini kullanmak isterseniz l\u00fctfen bize e-posta yoluyla ula\u015f\u0131n.<\/li><\/ul><p><b>6. Kaliforniya \u00c7evrimi\u00e7i Gizlilik Koruma Yasas\u0131 Uyumlulu\u011fu<\/b><\/p><p><b> <\/b> CalOPPA, ticari web siteleri ve \u00e7evrimi\u00e7i hizmetlerin gizlilik politikas\u0131 yay\u0131nlamas\u0131n\u0131 zorunlu k\u0131lan \u00fclkedeki ilk eyalet yasas\u0131d\u0131r. Yasan\u0131n kapsam\u0131, Kaliforniya&#039;n\u0131n \u00e7ok \u00f6tesine uzanarak, Amerika Birle\u015fik Devletleri&#039;nde (ve muhtemelen t\u00fcm d\u00fcnyada) Kaliforniyal\u0131 t\u00fcketicilerden ki\u015fisel olarak tan\u0131mlanabilir bilgiler toplayan web siteleri i\u015fleten bir ki\u015fi veya \u015firketin, web sitesinde toplanan bilgileri ve bu bilgilerin kimlerle payla\u015f\u0131ld\u0131\u011f\u0131n\u0131 a\u00e7\u0131k\u00e7a belirten dikkat \u00e7ekici bir gizlilik politikas\u0131 yay\u0131nlamas\u0131n\u0131 ve bu politikaya uymas\u0131n\u0131 zorunlu k\u0131lmaktad\u0131r. \u2013 Daha fazla bilgi i\u00e7in:<br \/><a href=\"http:\/\/consumercal.org\/california-online-privacy-protection-act-caloppa\/#sthash.0FdRbT51.dpuf\" target=\"_blank\" rel=\"noopener\">http:\/\/consumercal.org\/california-online-privacy-protection-act-caloppa\/#sthash.0FdRbT51.dpuf<\/a><br \/><i>CalOPPA&#039;ya g\u00f6re a\u015fa\u011f\u0131dakileri kabul ediyoruz:<\/i><\/p><ul><li>Kullan\u0131c\u0131lar sitemizi anonim olarak ziyaret edebilirler.<\/li><li>Gizlilik politikas\u0131nda yap\u0131lan herhangi bir de\u011fi\u015fiklik hakk\u0131nda kullan\u0131c\u0131lar Gizlilik Politikas\u0131 Sayfam\u0131z \u00fczerinden bilgilendirilecektir.<\/li><li>Kullan\u0131c\u0131lar ki\u015fisel bilgilerini de\u011fi\u015ftirebilirler:<ul><li>bize e-posta g\u00f6ndererek;<\/li><li>M\u00fc\u015fteri hizmetleri temsilcilerimizle sohbet ederek.<\/li><\/ul><\/li><\/ul><p><b>7. Se\u00e7imleriniz <\/b><\/p><p>You can at any time opt out of receiving marketing communications from us by following the unsubscribe instructions in our emails. You can access and update your personal information by logging into your account.<\/p><p><b>8. Veri G\u00fcvenli\u011fi <\/b><\/p><p>Simforte takes reasonable measures to protect your personal information from unauthorized access, disclosure, or alteration. However, despite our safeguards and efforts to secure your information, no electronic transmission over the Internet or information storage technology can be guaranteed to be 100% secure, so we cannot promise or guarantee that hackers, cybercriminals, or other unauthorized third parties will not be able to defeat our security and improperly collect, access, steal, or modify your information. Although we strive to protect your personal information, transition or personal information to and from our Services is at your own risk.<\/p><p><b>9. \u00c7erezler ve \u0130zleme Teknolojileri <\/b><\/p><p>Web sitemizi kullan\u0131m\u0131n\u0131za ili\u015fkin verileri toplamak i\u00e7in \u00e7erezler ve benzeri izleme teknolojileri kullan\u0131yoruz. \u00c7erezleri reddetmek i\u00e7in taray\u0131c\u0131 ayarlar\u0131n\u0131z\u0131 de\u011fi\u015ftirebilirsiniz.<\/p><p><b>10. \u00c7ocuklar\u0131n Gizlili\u011fi <\/b><\/p><p>Our website is strictly not for individuals under the age of 18. We do not knowingly collect personal information from children under the age of 18. By using our services, you represent that you are at least 18 years old or older.<br \/><b><\/b><\/p><p><b>11. Bu Gizlilik Politikas\u0131ndaki De\u011fi\u015fiklikler <\/b><\/p><p>Bu Gizlilik Politikas\u0131&#039;n\u0131 zaman zaman g\u00fcncelleyebiliriz. Herhangi bir de\u011fi\u015fiklik bu sayfada yay\u0131nlanacakt\u0131r. Bu gizlilik bildiriminde \u00f6nemli de\u011fi\u015fiklikler yapmam\u0131z durumunda, bu de\u011fi\u015fikliklere ili\u015fkin bir bildirimi g\u00f6r\u00fcn\u00fcr bir \u015fekilde yay\u0131nlayarak veya do\u011frudan size bir bildirim g\u00f6ndererek sizi bilgilendirebiliriz. Bilgilerinizi nas\u0131l korudu\u011fumuz konusunda bilgi sahibi olmak i\u00e7in bu gizlilik politikas\u0131n\u0131 s\u0131k s\u0131k incelemenizi \u00f6neririz.<\/p><p><b>12. Bizimle \u0130leti\u015fime Ge\u00e7in <\/b><\/p><p>If you have any questions about this Privacy Policy, please contact us via email to support@simforte.com<\/p>\t\t\t\t\t\t\t\t<\/div>\n\t\t\t\t<\/div>\n\t\t\t\t\t<\/div>\n\t\t\t\t<\/div>\n\t\t\t\t<\/div>","protected":false},"excerpt":{"rendered":"<p>Privacy Policy This Privacy Policy outlines how we collect, use, and protect the personal information provided by you when using our website. 1. Information We Collect We may collect the following types of personal information from you: Personal Identification Information: This may only include your name and email address when you create an account or [&hellip;]<\/p>","protected":false},"author":1,"featured_media":0,"parent":0,"menu_order":0,"comment_status":"closed","ping_status":"closed","template":"","meta":{"om_disable_all_campaigns":false,"_monsterinsights_skip_tracking":false,"_monsterinsights_sitenote_active":false,"_monsterinsights_sitenote_note":"","_monsterinsights_sitenote_category":0,"footnotes":""},"class_list":["post-87","page","type-page","status-publish","hentry"],"aioseo_notices":[],"_links":{"self":[{"href":"https:\/\/simforte1.com\/tr\/wp-json\/wp\/v2\/pages\/87","targetHints":{"allow":["GET"]}}],"collection":[{"href":"https:\/\/simforte1.com\/tr\/wp-json\/wp\/v2\/pages"}],"about":[{"href":"https:\/\/simforte1.com\/tr\/wp-json\/wp\/v2\/types\/page"}],"author":[{"embeddable":true,"href":"https:\/\/simforte1.com\/tr\/wp-json\/wp\/v2\/users\/1"}],"replies":[{"embeddable":true,"href":"https:\/\/simforte1.com\/tr\/wp-json\/wp\/v2\/comments?post=87"}],"version-history":[{"count":28,"href":"https:\/\/simforte1.com\/tr\/wp-json\/wp\/v2\/pages\/87\/revisions"}],"predecessor-version":[{"id":946,"href":"https:\/\/simforte1.com\/tr\/wp-json\/wp\/v2\/pages\/87\/revisions\/946"}],"wp:attachment":[{"href":"https:\/\/simforte1.com\/tr\/wp-json\/wp\/v2\/media?parent=87"}],"curies":[{"name":"wp","href":"https:\/\/api.w.org\/{rel}","templated":true}]}}