{"id":84,"date":"2025-03-18T12:29:45","date_gmt":"2025-03-18T12:29:45","guid":{"rendered":"https:\/\/elementor.test-wp.keepgo.com\/index.php\/terms-and-conditions\/"},"modified":"2025-09-24T14:29:48","modified_gmt":"2025-09-24T14:29:48","slug":"terms-and-conditions","status":"publish","type":"page","link":"https:\/\/simforte1.com\/tr\/terms-and-conditions\/","title":{"rendered":"\u015eartlar ve ko\u015fullar"},"content":{"rendered":"<div data-elementor-type=\"wp-page\" data-elementor-id=\"84\" class=\"elementor elementor-84\" data-elementor-post-type=\"page\">\n\t\t\t\t<div class=\"elementor-element elementor-element-2374a4ad e-flex e-con-boxed e-con e-parent\" data-id=\"2374a4ad\" data-element_type=\"container\">\n\t\t\t\t\t<div class=\"e-con-inner\">\n\t\t\t\t<div class=\"elementor-element elementor-element-191ac5b6 elementor-widget elementor-widget-heading\" data-id=\"191ac5b6\" data-element_type=\"widget\" data-widget_type=\"heading.default\">\n\t\t\t\t<div class=\"elementor-widget-container\">\n\t\t\t\t\t<h2 class=\"elementor-heading-title elementor-size-default\">\u015eartlar ve ko\u015fullar<\/h2>\t\t\t\t<\/div>\n\t\t\t\t<\/div>\n\t\t\t\t<div class=\"elementor-element elementor-element-76f76635 elementor-widget elementor-widget-text-editor\" data-id=\"76f76635\" data-element_type=\"widget\" data-widget_type=\"text-editor.default\">\n\t\t\t\t<div class=\"elementor-widget-container\">\n\t\t\t\t\t\t\t\t\t<p><b>1. GENEL \u015eARTLARIN VE KO\u015eULLARIN GE\u00c7ERL\u0130L\u0130\u011e\u0130<\/b><\/p><p><b>1.1. \u015eartlar<\/b><\/p><p>1.1.1. This Simforte website is managed and operated by the simforte.com Group, with connectivity services being supplied by the same entity and its partners.<\/p><p>1.1.2. These terms and conditions, as may be amended from time to time, shall apply to all services rendered by Simforte in connection with the prepaid eSIM profiles provisioning to Clients.<br \/>By accessing, browsing, and using the Simforte.com website or any of our applications through whatever platform (hereafter collectively referred to as the \u201cwebsite\u201d) and\/or by completing an order, you acknowledge and agree to have read, understood and agreed to the terms and conditions set out below and the privacy statement.<\/p><p>1.1.3. \u00c7e\u015fitli i\u015f ortaklar\u0131 arac\u0131l\u0131\u011f\u0131yla sunulan \u00f6zel teklifler, ek veya farkl\u0131 h\u00fck\u00fcm ve ko\u015fullar i\u00e7erebilir. Bu gibi durumlarda, s\u00f6z konusu \u00f6zel h\u00fck\u00fcm ve ko\u015fullar ge\u00e7erli olacakt\u0131r.<\/p><p><b>1.2. Kay\u0131t ve Hesaplar<\/b><\/p><p>1.2.1. The \u0421lient may be required to create an account to use the Simforte&#8217;s services. The \u0421lient agrees to provide accurate information during registration.<\/p><p>1.2.2. M\u00fc\u015fteriler, hesap bilgilerinin ve hesaplar\u0131 alt\u0131nda ger\u00e7ekle\u015fen t\u00fcm faaliyetlerin gizlili\u011fini korumakla y\u00fck\u00fcml\u00fcd\u00fcr.<\/p><p><b>1.3. Gizlilik<\/b><\/p><p>1.3.1. Our Privacy Policy governs the collection and use of the Client&#8217;s personal information. By using our services, the Client agrees to our Privacy Policy.<\/p><p><b>1.4. Fesih ve Ask\u0131ya Alma<\/b><\/p><p>1.4.1. Simforte reserves the right to suspend or terminate access to the services without notice at any time due to the occurrence of an event arising from network collapse or cessation of maintenance provision.<\/p><p>1.4.2. In using the Services provided by Simforte, the Client must not engage in any abusive, illegal, or fraudulent actions or take any actions that could impair or damage the Network. When the Client breaches this obligation, Simforte may suspend the Client\u2019s use of the Service.<\/p><p>1.4.3. All bundles offered by Simforte are intended exclusively for use by human Clients. These bundles must not be utilized within any automated system. In situations where usage within automated systems or by non-human entities is requested, the Client must contact Customer Support and request special bundles. Any violation of this usage restriction may lead to the termination of the agreement.<\/p><p><b>1.5. \u0130ade ve \u0130ptal politikalar\u0131 ve y\u00f6nergeleri<\/b><\/p><p>1.5.1. Refunds, which are valid, are available for Clients anytime. Most issues can be solved by email.<\/p><p>1.5.2. After a valid refund is processed it may take 5-10 business days for the refund to show on the Client\u2019s payment card statement (if the payment was made via credit card). Via PayPal, it takes several minutes after issuing a refund. Refunds are issued to the same payment method (i.e. credit card or PayPal) used to make the purchase.<\/p><p>1.5.3. T\u00fcm iadeler (kripto \u00f6demeleri hari\u00e7), bir \u00fcr\u00fcn\u00fc sa\u011flamak ve ard\u0131ndan iptal edip iade yapmak i\u00e7in gereken kredi kart\u0131 ve di\u011fer \u00f6deme sistemi \u00fccretleri ve i\u015fleme kaynaklar\u0131 nedeniyle 10% \u00fccretine tabidir.<\/p><p>1.5.4. Simforte may offer data in an amount equal to what the Client paid for any accidental purchases.<\/p><p>1.5.5. Dolumlar iade edilmez.<\/p><p>1.5.6. Simforte reserves the right to terminate services at any time. In such cases, no refunds will be provided.<\/p><p>1.5.7. Kripto \u00f6demeleri iade edilmez.<\/p><p>1.5.8. Kripto \u00f6demeleri i\u00e7in desteklenen a\u011flar: Ethereum, Tron, BNB Smart Chain, Avalanche C-Chain, Solana, Polygon, Arbitrum One.<\/p><p>1.5.9. Desteklenen kripto paralar: &#039;USDT (TRC20)&#039;, &#039;BTC&#039;, &#039;DAI&#039;, &#039;AXS (ERC20)&#039;, &#039;DASH&#039;, &#039;DOGE&#039;, &#039;ETH&#039;, &#039;LTC&#039;, &#039;TUSD (ERC20)&#039;, &#039;USDC (ERC20)&#039;, &#039;USDT (ERC20)&#039;, &#039;XRP&#039;, &#039;TRX&#039;, &#039;AXS (TRC20)&#039;, &#039;HT (TRC20)&#039;, &#039;ETH (TRC20)&#039;, &#039;ETH (BEP20)&#039;, &#039;DAI (BEP20)&#039;, &#039;USDT (BEP20)&#039;, &#039;DESU (BEP20)&#039;, &#039;ADA (BEP20)&#039;, &#039;USDC (BEP20)&#039;, &#039;BTCB (BEP20)&#039;, &#039;CSC&#039;. Her kripto para birimi i\u00e7in \u00f6demelerde bir minimum limit bulundu\u011funu l\u00fctfen unutmay\u0131n.<\/p><p><b>2. AFFILIATE PROGRAMS<\/b><\/p><p>Currently not offered.<\/p><p><b>3. Y\u00d6NLEND\u0130RME PROGRAMI<\/b><\/p><p>Currently only offered by sending a direct request to support@simforte.com and the Simforte team advising on the rewards available for participation.<\/p><p><b>4. SORUMLULUK REDD\u0130<\/b><\/p><p>4.1. The materials on the Simforte website are provided \u201cas is\u201d. Simforte makes no warranties, expressed or implied, and hereby disclaims and negates all other warranties, including without limitation, implied warranties or conditions of merchantability, fitness for a particular purpose, or non-infringement of intellectual property or other violation of rights. Further, Simforte does not warrant or make any representations concerning the accuracy, likely results, or reliability of the use of the materials on its website or otherwise relating to such materials or on any sites linked to this site.<\/p><p>4.2. Network operators in countries could be changed by the Simforte team without notice.<\/p><p><b>5. SINIRLAMALAR<\/b><\/p><p>5.1. In no event shall Simforte or its suppliers be liable for any damages (including, without limitation, damages for loss of data or profit, or due to business interruption) arising out of the use or inability to use the materials on Simforte Internet site, even if Simforte has been notified orally or in writing of the possibility of such damage.<\/p><p><b>6. D\u00dcZELTMELER VE HATALAR<\/b><\/p><p>6.1. The materials appearing on the Simforte website could include technical, typographical, or photographic errors. Simforte does not warrant that any of the materials on its website are accurate, complete, or current. Simforte may make changes to the materials contained on its website at any time without notice. Simforte does not, however, make any commitment to update the materials.<\/p><p><b>7. BA\u011eLANTILAR<\/b><\/p><p>7.1. Simforte has not reviewed all the sites linked to its Internet website and is not responsible for the contents of any such linked site. The inclusion of any link does not imply endorsement by Simforte of the site. Use of any such linked website is at the user\u2019s own risk.<\/p><p><b>8. UYGULANACAK HUKUK VE YARGI YETK\u0130S\u0130<\/b><\/p><p>8.1. These Terms shall be construed in accordance with the laws of Singapore, Asia. In the event that the Parties are unable to amicably resolve disputes through negotiations, such disputes shall be definitively settled through arbitration mechanisms and laws of Singapore.<\/p><p><b>9. S\u0130TE KULLANIM \u015eARTLARINDA DE\u011e\u0130\u015e\u0130KL\u0130KLER<\/b><\/p><p>9.1. Simforte may revise these terms of use for its website at any time without notice. By using this website, you agree to be bound by the then current version of these Terms and Conditions of Use.<\/p>\t\t\t\t\t\t\t\t<\/div>\n\t\t\t\t<\/div>\n\t\t\t\t\t<\/div>\n\t\t\t\t<\/div>\n\t\t\t\t<\/div>","protected":false},"excerpt":{"rendered":"<p>Terms and conditions 1. VALIDITY OF GENERAL TERMS AND CONDITIONS 1.1. Terms 1.1.1. This Simforte website is managed and operated by the simforte.com Group, with connectivity services being supplied by the same entity and its partners. 1.1.2. These terms and conditions, as may be amended from time to time, shall apply to all services rendered [&hellip;]<\/p>","protected":false},"author":1,"featured_media":0,"parent":0,"menu_order":0,"comment_status":"closed","ping_status":"closed","template":"","meta":{"om_disable_all_campaigns":false,"_monsterinsights_skip_tracking":false,"_monsterinsights_sitenote_active":false,"_monsterinsights_sitenote_note":"","_monsterinsights_sitenote_category":0,"footnotes":""},"class_list":["post-84","page","type-page","status-publish","hentry"],"aioseo_notices":[],"_links":{"self":[{"href":"https:\/\/simforte1.com\/tr\/wp-json\/wp\/v2\/pages\/84","targetHints":{"allow":["GET"]}}],"collection":[{"href":"https:\/\/simforte1.com\/tr\/wp-json\/wp\/v2\/pages"}],"about":[{"href":"https:\/\/simforte1.com\/tr\/wp-json\/wp\/v2\/types\/page"}],"author":[{"embeddable":true,"href":"https:\/\/simforte1.com\/tr\/wp-json\/wp\/v2\/users\/1"}],"replies":[{"embeddable":true,"href":"https:\/\/simforte1.com\/tr\/wp-json\/wp\/v2\/comments?post=84"}],"version-history":[{"count":31,"href":"https:\/\/simforte1.com\/tr\/wp-json\/wp\/v2\/pages\/84\/revisions"}],"predecessor-version":[{"id":942,"href":"https:\/\/simforte1.com\/tr\/wp-json\/wp\/v2\/pages\/84\/revisions\/942"}],"wp:attachment":[{"href":"https:\/\/simforte1.com\/tr\/wp-json\/wp\/v2\/media?parent=84"}],"curies":[{"name":"wp","href":"https:\/\/api.w.org\/{rel}","templated":true}]}}