{"id":87,"date":"2025-03-18T12:29:45","date_gmt":"2025-03-18T12:29:45","guid":{"rendered":"https:\/\/elementor.test-wp.keepgo.com\/index.php\/privacy-policy-2\/"},"modified":"2025-09-24T14:51:43","modified_gmt":"2025-09-24T14:51:43","slug":"privacy-policy-2","status":"publish","type":"page","link":"https:\/\/simforte1.com\/fr\/privacy-policy-2\/","title":{"rendered":"politique de confidentialit\u00e9"},"content":{"rendered":"<div data-elementor-type=\"wp-page\" data-elementor-id=\"87\" class=\"elementor elementor-87\" data-elementor-post-type=\"page\">\n\t\t\t\t<div class=\"elementor-element elementor-element-77a0037f e-flex e-con-boxed e-con e-parent\" data-id=\"77a0037f\" data-element_type=\"container\">\n\t\t\t\t\t<div class=\"e-con-inner\">\n\t\t\t\t<div class=\"elementor-element elementor-element-2991adfe elementor-widget elementor-widget-heading\" data-id=\"2991adfe\" data-element_type=\"widget\" data-widget_type=\"heading.default\">\n\t\t\t\t<div class=\"elementor-widget-container\">\n\t\t\t\t\t<h2 class=\"elementor-heading-title elementor-size-default\">politique de confidentialit\u00e9\n<\/h2>\t\t\t\t<\/div>\n\t\t\t\t<\/div>\n\t\t\t\t<div class=\"elementor-element elementor-element-59249d87 elementor-widget elementor-widget-text-editor\" data-id=\"59249d87\" data-element_type=\"widget\" data-widget_type=\"text-editor.default\">\n\t\t\t\t<div class=\"elementor-widget-container\">\n\t\t\t\t\t\t\t\t\t<p>Cette politique de confidentialit\u00e9 d\u00e9crit comment nous collectons, utilisons et prot\u00e9geons les informations personnelles que vous fournissez lorsque vous utilisez notre site Web.<\/p><p><b>1. Informations que nous collectons <\/b>Nous pouvons collecter les types d&#039;informations personnelles suivants aupr\u00e8s de vous\u00a0:<\/p><ul><li><i>Informations d&#039;identification personnelle :<\/i> This may only include your name and email address when you create an account or subscribe to our newsletter.<\/li><li style=\"font-weight: 400;\" aria-level=\"1\"><i>Informations sur l&#039;instrument de paiement :<\/i> All payment transactions are processed through a third party payment gateway provider (not connected with Simforte Group) and are not stored or processed on the Simforte servers.<\/li><li style=\"font-weight: 400;\" aria-level=\"1\"><i>Informations sensibles :<\/i> Nous ne traitons pas d&#039;informations sensibles. <b><\/b><\/li><\/ul><p><b>2. Quand collectons-nous vos informations\u00a0? <\/b>Nous collectons des informations vous concernant lorsque vous vous inscrivez sur notre site, passez une commande, vous abonnez \u00e0 une newsletter, remplissez un formulaire ou saisissez des informations sur notre site.<\/p><p><b>3. Comment utilisons-nous vos informations <\/b>Nous pouvons utiliser vos informations personnelles aux fins suivantes :<\/p><ul><li>Pour fournir et maintenir nos services.<\/li><li style=\"font-weight: 400;\" aria-level=\"1\">Pour traiter vos commandes et vos paiements.<\/li><li style=\"font-weight: 400;\" aria-level=\"1\">Pour vous envoyer des mises \u00e0 jour, des newsletters et des communications marketing.<\/li><\/ul><p><b>4. Divulgation de vos informations <\/b>Nous nous r\u00e9servons le droit de divulguer vos informations personnelles \u00e0 des tiers dans les circonstances suivantes :<\/p><ul><li style=\"font-weight: 400;\" aria-level=\"1\">Avec des prestataires de services qui nous aident dans le fonctionnement du site Web, le traitement des paiements ou le marketing.<\/li><li style=\"font-weight: 400;\" aria-level=\"1\">Conform\u00e9ment aux obligations l\u00e9gales applicables ou dans le but de prot\u00e9ger nos droits, notre vie priv\u00e9e, notre s\u00e9curit\u00e9 ou nos actifs.<\/li><\/ul><p><b>5. Conformit\u00e9 au R\u00e8glement g\u00e9n\u00e9ral europ\u00e9en sur la protection des donn\u00e9es (RGPD) <\/b><\/p><ul><li>The right to access. You have the right to request Simforte for copies of your personal data.<\/li><li>The right to erasure. You have the right to request that Simforte erase your personal data, under certain conditions.<\/li><li>The right to restrict processing. You have the right to request that Simforte restrict the processing of your personal data, under certain conditions.<\/li><li>The right to object to processing. You have the right to object to the Simforte processing of your personal data, under certain conditions.<\/li><li>Si vous souhaitez exercer l\u2019un de ces droits, veuillez nous contacter par e-mail.<\/li><\/ul><p><b>6. Conformit\u00e9 \u00e0 la loi californienne sur la protection de la vie priv\u00e9e en ligne<\/b><\/p><p><b> <\/b> CalOPPA est la premi\u00e8re loi d&#039;\u00c9tat du pays \u00e0 exiger des sites web commerciaux et des services en ligne qu&#039;ils publient une politique de confidentialit\u00e9. Sa port\u00e9e d\u00e9passe largement la Californie et oblige toute personne ou entreprise aux \u00c9tats-Unis (et peut-\u00eatre dans le monde entier) exploitant des sites web collectant des informations personnelles identifiables aupr\u00e8s de consommateurs californiens \u00e0 publier une politique de confidentialit\u00e9 bien visible sur son site web, pr\u00e9cisant pr\u00e9cis\u00e9ment les informations collect\u00e9es et les personnes avec lesquelles elles sont partag\u00e9es, et \u00e0 s&#039;y conformer. \u2013 Pour en savoir plus\u00a0:<br \/><a href=\"http:\/\/consumercal.org\/california-online-privacy-protection-act-caloppa\/#sthash.0FdRbT51.dpuf\" target=\"_blank\" rel=\"noopener\">http:\/\/consumercal.org\/california-online-privacy-protection-act-caloppa\/#sthash.0FdRbT51.dpuf<\/a><br \/><i>Conform\u00e9ment \u00e0 CalOPPA, nous convenons de ce qui suit :<\/i><\/p><ul><li>Les utilisateurs peuvent visiter notre site de mani\u00e8re anonyme.<\/li><li>Les utilisateurs seront inform\u00e9s de tout changement de politique de confidentialit\u00e9 sur notre page de politique de confidentialit\u00e9.<\/li><li>Les utilisateurs peuvent modifier leurs informations personnelles :<ul><li>en nous envoyant un e-mail ;<\/li><li>en discutant avec nos repr\u00e9sentants du service client.<\/li><\/ul><\/li><\/ul><p><b>7. Vos choix <\/b><\/p><p>You can at any time opt out of receiving marketing communications from us by following the unsubscribe instructions in our emails. You can access and update your personal information by logging into your account.<\/p><p><b>8. S\u00e9curit\u00e9 des donn\u00e9es <\/b><\/p><p>Simforte takes reasonable measures to protect your personal information from unauthorized access, disclosure, or alteration. However, despite our safeguards and efforts to secure your information, no electronic transmission over the Internet or information storage technology can be guaranteed to be 100% secure, so we cannot promise or guarantee that hackers, cybercriminals, or other unauthorized third parties will not be able to defeat our security and improperly collect, access, steal, or modify your information. Although we strive to protect your personal information, transition or personal information to and from our Services is at your own risk.<\/p><p><b>9. Cookies et technologies de suivi <\/b><\/p><p>Nous utilisons des cookies et des technologies de suivi similaires pour collecter des donn\u00e9es sur votre utilisation de notre site web. Vous pouvez configurer votre navigateur pour refuser les cookies.<\/p><p><b>10. Vie priv\u00e9e des enfants <\/b><\/p><p>Our website is strictly not for individuals under the age of 18. We do not knowingly collect personal information from children under the age of 18. By using our services, you represent that you are at least 18 years old or older.<br \/><b><\/b><\/p><p><b>11. Modifications de la pr\u00e9sente politique de confidentialit\u00e9 <\/b><\/p><p>Nous sommes susceptibles de mettre \u00e0 jour cette Politique de confidentialit\u00e9 de temps \u00e0 autre. Toute modification sera publi\u00e9e sur cette page. Si nous apportons des modifications substantielles \u00e0 cette d\u00e9claration de confidentialit\u00e9, nous pourrons vous en informer soit en publiant un avis de modification bien en vue, soit en vous envoyant directement une notification. Nous vous encourageons \u00e0 consulter r\u00e9guli\u00e8rement cette politique de confidentialit\u00e9 afin de vous tenir inform\u00e9 de la mani\u00e8re dont nous prot\u00e9geons vos informations.<\/p><p><b>12. Contactez-nous <\/b><\/p><p>If you have any questions about this Privacy Policy, please contact us via email to support@simforte.com<\/p>\t\t\t\t\t\t\t\t<\/div>\n\t\t\t\t<\/div>\n\t\t\t\t\t<\/div>\n\t\t\t\t<\/div>\n\t\t\t\t<\/div>","protected":false},"excerpt":{"rendered":"<p>Privacy Policy This Privacy Policy outlines how we collect, use, and protect the personal information provided by you when using our website. 1. Information We Collect We may collect the following types of personal information from you: Personal Identification Information: This may only include your name and email address when you create an account or [&hellip;]<\/p>","protected":false},"author":1,"featured_media":0,"parent":0,"menu_order":0,"comment_status":"closed","ping_status":"closed","template":"","meta":{"om_disable_all_campaigns":false,"_monsterinsights_skip_tracking":false,"_monsterinsights_sitenote_active":false,"_monsterinsights_sitenote_note":"","_monsterinsights_sitenote_category":0,"footnotes":""},"class_list":["post-87","page","type-page","status-publish","hentry"],"aioseo_notices":[],"_links":{"self":[{"href":"https:\/\/simforte1.com\/fr\/wp-json\/wp\/v2\/pages\/87","targetHints":{"allow":["GET"]}}],"collection":[{"href":"https:\/\/simforte1.com\/fr\/wp-json\/wp\/v2\/pages"}],"about":[{"href":"https:\/\/simforte1.com\/fr\/wp-json\/wp\/v2\/types\/page"}],"author":[{"embeddable":true,"href":"https:\/\/simforte1.com\/fr\/wp-json\/wp\/v2\/users\/1"}],"replies":[{"embeddable":true,"href":"https:\/\/simforte1.com\/fr\/wp-json\/wp\/v2\/comments?post=87"}],"version-history":[{"count":28,"href":"https:\/\/simforte1.com\/fr\/wp-json\/wp\/v2\/pages\/87\/revisions"}],"predecessor-version":[{"id":946,"href":"https:\/\/simforte1.com\/fr\/wp-json\/wp\/v2\/pages\/87\/revisions\/946"}],"wp:attachment":[{"href":"https:\/\/simforte1.com\/fr\/wp-json\/wp\/v2\/media?parent=87"}],"curies":[{"name":"wp","href":"https:\/\/api.w.org\/{rel}","templated":true}]}}