{"id":84,"date":"2025-03-18T12:29:45","date_gmt":"2025-03-18T12:29:45","guid":{"rendered":"https:\/\/elementor.test-wp.keepgo.com\/index.php\/terms-and-conditions\/"},"modified":"2025-09-24T14:29:48","modified_gmt":"2025-09-24T14:29:48","slug":"terms-and-conditions","status":"publish","type":"page","link":"https:\/\/simforte1.com\/de\/terms-and-conditions\/","title":{"rendered":"Gesch\u00e4ftsbedingungen"},"content":{"rendered":"<div data-elementor-type=\"wp-page\" data-elementor-id=\"84\" class=\"elementor elementor-84\" data-elementor-post-type=\"page\">\n\t\t\t\t<div class=\"elementor-element elementor-element-2374a4ad e-flex e-con-boxed e-con e-parent\" data-id=\"2374a4ad\" data-element_type=\"container\">\n\t\t\t\t\t<div class=\"e-con-inner\">\n\t\t\t\t<div class=\"elementor-element elementor-element-191ac5b6 elementor-widget elementor-widget-heading\" data-id=\"191ac5b6\" data-element_type=\"widget\" data-widget_type=\"heading.default\">\n\t\t\t\t<div class=\"elementor-widget-container\">\n\t\t\t\t\t<h2 class=\"elementor-heading-title elementor-size-default\">Gesch\u00e4ftsbedingungen<\/h2>\t\t\t\t<\/div>\n\t\t\t\t<\/div>\n\t\t\t\t<div class=\"elementor-element elementor-element-76f76635 elementor-widget elementor-widget-text-editor\" data-id=\"76f76635\" data-element_type=\"widget\" data-widget_type=\"text-editor.default\">\n\t\t\t\t<div class=\"elementor-widget-container\">\n\t\t\t\t\t\t\t\t\t<p><b>1. G\u00dcLTIGKEIT DER ALLGEMEINEN GESCH\u00c4FTSBEDINGUNGEN<\/b><\/p><p><b>1.1. Bedingungen<\/b><\/p><p>1.1.1. This Simforte website is managed and operated by the simforte.com Group, with connectivity services being supplied by the same entity and its partners.<\/p><p>1.1.2. These terms and conditions, as may be amended from time to time, shall apply to all services rendered by Simforte in connection with the prepaid eSIM profiles provisioning to Clients.<br \/>By accessing, browsing, and using the Simforte.com website or any of our applications through whatever platform (hereafter collectively referred to as the \u201cwebsite\u201d) and\/or by completing an order, you acknowledge and agree to have read, understood and agreed to the terms and conditions set out below and the privacy statement.<\/p><p>1.1.3. Sonderangebote verschiedener Gesch\u00e4ftspartner k\u00f6nnen zus\u00e4tzliche oder abweichende Bedingungen enthalten. In solchen F\u00e4llen gelten die jeweiligen Sonderbedingungen.<\/p><p><b>1.2. Registrierung und Konten<\/b><\/p><p>1.2.1. The \u0421lient may be required to create an account to use the Simforte&#8217;s services. The \u0421lient agrees to provide accurate information during registration.<\/p><p>1.2.2. Kunden sind f\u00fcr die Wahrung der Vertraulichkeit ihrer Kontoinformationen und aller Aktivit\u00e4ten verantwortlich, die \u00fcber ihr Konto stattfinden.<\/p><p><b>1.3. Datenschutz<\/b><\/p><p>1.3.1. Our Privacy Policy governs the collection and use of the Client&#8217;s personal information. By using our services, the Client agrees to our Privacy Policy.<\/p><p><b>1.4. K\u00fcndigung und Aussetzung<\/b><\/p><p>1.4.1. Simforte reserves the right to suspend or terminate access to the services without notice at any time due to the occurrence of an event arising from network collapse or cessation of maintenance provision.<\/p><p>1.4.2. In using the Services provided by Simforte, the Client must not engage in any abusive, illegal, or fraudulent actions or take any actions that could impair or damage the Network. When the Client breaches this obligation, Simforte may suspend the Client\u2019s use of the Service.<\/p><p>1.4.3. All bundles offered by Simforte are intended exclusively for use by human Clients. These bundles must not be utilized within any automated system. In situations where usage within automated systems or by non-human entities is requested, the Client must contact Customer Support and request special bundles. Any violation of this usage restriction may lead to the termination of the agreement.<\/p><p><b>1.5. Richtlinien und Leitlinien f\u00fcr R\u00fcckerstattungen und Stornierungen<\/b><\/p><p>1.5.1. Refunds, which are valid, are available for Clients anytime. Most issues can be solved by email.<\/p><p>1.5.2. After a valid refund is processed it may take 5-10 business days for the refund to show on the Client\u2019s payment card statement (if the payment was made via credit card). Via PayPal, it takes several minutes after issuing a refund. Refunds are issued to the same payment method (i.e. credit card or PayPal) used to make the purchase.<\/p><p>1.5.3. F\u00fcr alle R\u00fcckerstattungen (au\u00dfer Kryptozahlungen) f\u00e4llt eine Geb\u00fchr von 10% an, da Kreditkarten- und andere Zahlungssystemgeb\u00fchren sowie Verarbeitungsressourcen anfallen, die erforderlich sind, um ein Produkt bereitzustellen, es dann zu stornieren und eine R\u00fcckerstattung auszustellen.<\/p><p>1.5.4. Simforte may offer data in an amount equal to what the Client paid for any accidental purchases.<\/p><p>1.5.5. Nachf\u00fcllungen sind nicht erstattungsf\u00e4hig.<\/p><p>1.5.6. Simforte reserves the right to terminate services at any time. In such cases, no refunds will be provided.<\/p><p>1.5.7. Kryptozahlungen sind nicht erstattungsf\u00e4hig.<\/p><p>1.5.8. Unterst\u00fctzte Netzwerke f\u00fcr Kryptozahlungen: Ethereum, Tron, BNB Smart Chain, Avalanche C-Chain, Solana, Polygon, Arbitrum One.<\/p><p>1.5.9. Unterst\u00fctzte Kryptow\u00e4hrungen: \u201eUSDT (TRC20)\u201c, \u201eBTC\u201c, \u201eDAI\u201c, \u201eAXS (ERC20)\u201c, \u201eDASH\u201c, \u201eDOGE\u201c, \u201eETH\u201c, \u201eLTC\u201c, \u201eTUSD (ERC20)\u201c, \u201eUSDC (ERC20)\u201c, \u201eUSDT (ERC20)\u201c, \u201eXRP\u201c, \u201eTRX\u201c, \u201eAXS (TRC20)\u201c, \u201eHT (TRC20)\u201c, \u201eETH (TRC20)\u201c, \u201eETH (BEP20)\u201c, \u201eDAI (BEP20)\u201c, \u201eUSDT (BEP20)\u201c, \u201eDESU (BEP20)\u201c, \u201eADA (BEP20)\u201c, \u201eUSDC (BEP20)\u201c, \u201eBTCB (BEP20)\u201c, \u201eCSC\u201c. Bitte beachten Sie, dass f\u00fcr jede Kryptow\u00e4hrung ein Mindestlimit f\u00fcr die Zahlung gilt.<\/p><p><b>2. AFFILIATE PROGRAMS<\/b><\/p><p>Currently not offered.<\/p><p><b>3. Empfehlungsprogramm<\/b><\/p><p>Currently only offered by sending a direct request to support@simforte.com and the Simforte team advising on the rewards available for participation.<\/p><p><b>4. HAFTUNGSAUSSCHLUSS<\/b><\/p><p>4.1. The materials on the Simforte website are provided \u201cas is\u201d. Simforte makes no warranties, expressed or implied, and hereby disclaims and negates all other warranties, including without limitation, implied warranties or conditions of merchantability, fitness for a particular purpose, or non-infringement of intellectual property or other violation of rights. Further, Simforte does not warrant or make any representations concerning the accuracy, likely results, or reliability of the use of the materials on its website or otherwise relating to such materials or on any sites linked to this site.<\/p><p>4.2. Network operators in countries could be changed by the Simforte team without notice.<\/p><p><b>5. EINSCHR\u00c4NKUNGEN<\/b><\/p><p>5.1. In no event shall Simforte or its suppliers be liable for any damages (including, without limitation, damages for loss of data or profit, or due to business interruption) arising out of the use or inability to use the materials on Simforte Internet site, even if Simforte has been notified orally or in writing of the possibility of such damage.<\/p><p><b>6. \u00dcBERARBEITUNGEN UND FEHLER<\/b><\/p><p>6.1. The materials appearing on the Simforte website could include technical, typographical, or photographic errors. Simforte does not warrant that any of the materials on its website are accurate, complete, or current. Simforte may make changes to the materials contained on its website at any time without notice. Simforte does not, however, make any commitment to update the materials.<\/p><p><b>7. LINKS<\/b><\/p><p>7.1. Simforte has not reviewed all the sites linked to its Internet website and is not responsible for the contents of any such linked site. The inclusion of any link does not imply endorsement by Simforte of the site. Use of any such linked website is at the user\u2019s own risk.<\/p><p><b>8. ANWENDBARES RECHT UND GERICHTSSTAND<\/b><\/p><p>8.1. These Terms shall be construed in accordance with the laws of Singapore, Asia. In the event that the Parties are unable to amicably resolve disputes through negotiations, such disputes shall be definitively settled through arbitration mechanisms and laws of Singapore.<\/p><p><b>9. \u00c4NDERUNGEN DER NUTZUNGSBEDINGUNGEN DER WEBSITE<\/b><\/p><p>9.1. Simforte may revise these terms of use for its website at any time without notice. By using this website, you agree to be bound by the then current version of these Terms and Conditions of Use.<\/p>\t\t\t\t\t\t\t\t<\/div>\n\t\t\t\t<\/div>\n\t\t\t\t\t<\/div>\n\t\t\t\t<\/div>\n\t\t\t\t<\/div>","protected":false},"excerpt":{"rendered":"<p>Terms and conditions 1. VALIDITY OF GENERAL TERMS AND CONDITIONS 1.1. Terms 1.1.1. This Simforte website is managed and operated by the simforte.com Group, with connectivity services being supplied by the same entity and its partners. 1.1.2. These terms and conditions, as may be amended from time to time, shall apply to all services rendered [&hellip;]<\/p>","protected":false},"author":1,"featured_media":0,"parent":0,"menu_order":0,"comment_status":"closed","ping_status":"closed","template":"","meta":{"om_disable_all_campaigns":false,"_monsterinsights_skip_tracking":false,"_monsterinsights_sitenote_active":false,"_monsterinsights_sitenote_note":"","_monsterinsights_sitenote_category":0,"footnotes":""},"class_list":["post-84","page","type-page","status-publish","hentry"],"aioseo_notices":[],"_links":{"self":[{"href":"https:\/\/simforte1.com\/de\/wp-json\/wp\/v2\/pages\/84","targetHints":{"allow":["GET"]}}],"collection":[{"href":"https:\/\/simforte1.com\/de\/wp-json\/wp\/v2\/pages"}],"about":[{"href":"https:\/\/simforte1.com\/de\/wp-json\/wp\/v2\/types\/page"}],"author":[{"embeddable":true,"href":"https:\/\/simforte1.com\/de\/wp-json\/wp\/v2\/users\/1"}],"replies":[{"embeddable":true,"href":"https:\/\/simforte1.com\/de\/wp-json\/wp\/v2\/comments?post=84"}],"version-history":[{"count":31,"href":"https:\/\/simforte1.com\/de\/wp-json\/wp\/v2\/pages\/84\/revisions"}],"predecessor-version":[{"id":942,"href":"https:\/\/simforte1.com\/de\/wp-json\/wp\/v2\/pages\/84\/revisions\/942"}],"wp:attachment":[{"href":"https:\/\/simforte1.com\/de\/wp-json\/wp\/v2\/media?parent=84"}],"curies":[{"name":"wp","href":"https:\/\/api.w.org\/{rel}","templated":true}]}}