{"id":84,"date":"2025-03-18T12:29:45","date_gmt":"2025-03-18T12:29:45","guid":{"rendered":"https:\/\/elementor.test-wp.keepgo.com\/index.php\/terms-and-conditions\/"},"modified":"2025-09-24T14:29:48","modified_gmt":"2025-09-24T14:29:48","slug":"terms-and-conditions","status":"publish","type":"page","link":"https:\/\/simforte1.com\/az\/terms-and-conditions\/","title":{"rendered":"Qaydalar v\u0259 \u015e\u0259rtl\u0259r"},"content":{"rendered":"<div data-elementor-type=\"wp-page\" data-elementor-id=\"84\" class=\"elementor elementor-84\" data-elementor-post-type=\"page\">\n\t\t\t\t<div class=\"elementor-element elementor-element-2374a4ad e-flex e-con-boxed e-con e-parent\" data-id=\"2374a4ad\" data-element_type=\"container\">\n\t\t\t\t\t<div class=\"e-con-inner\">\n\t\t\t\t<div class=\"elementor-element elementor-element-191ac5b6 elementor-widget elementor-widget-heading\" data-id=\"191ac5b6\" data-element_type=\"widget\" data-widget_type=\"heading.default\">\n\t\t\t\t<div class=\"elementor-widget-container\">\n\t\t\t\t\t<h2 class=\"elementor-heading-title elementor-size-default\">Qaydalar v\u0259 \u015f\u0259rtl\u0259r<\/h2>\t\t\t\t<\/div>\n\t\t\t\t<\/div>\n\t\t\t\t<div class=\"elementor-element elementor-element-76f76635 elementor-widget elementor-widget-text-editor\" data-id=\"76f76635\" data-element_type=\"widget\" data-widget_type=\"text-editor.default\">\n\t\t\t\t<div class=\"elementor-widget-container\">\n\t\t\t\t\t\t\t\t\t<p><b>1. \u00dcMUM\u0130 \u015e\u018fRT V\u018f \u015e\u018fRTL\u018fR\u0130N Q\u00dcVV\u018fT\u0130<\/b><\/p><p><b>1.1. \u015e\u0259rtl\u0259r<\/b><\/p><p>1.1.1. This Simforte website is managed and operated by the simforte.com Group, with connectivity services being supplied by the same entity and its partners.<\/p><p>1.1.2. Vaxta\u015f\u0131r\u0131 d\u0259yi\u015fdiril\u0259 bil\u0259n bu m\u00fcdd\u0259alar v\u0259 \u015f\u0259rtl\u0259r, M\u00fc\u015ft\u0259ril\u0259r\u0259 \u0259vv\u0259lc\u0259d\u0259n \u00f6d\u0259nilmi\u015f eSIM profill\u0259rinin t\u0259qdim edilm\u0259si il\u0259 \u0259laq\u0259dar Simforte t\u0259r\u0259find\u0259n g\u00f6st\u0259ril\u0259n b\u00fct\u00fcn xidm\u0259tl\u0259r\u0259 \u015famil edilir.<br \/>By accessing, browsing, and using the Simforte.com website or any of our applications through whatever platform (hereafter collectively referred to as the \u201cwebsite\u201d) and\/or by completing an order, you acknowledge and agree to have read, understood and agreed to the terms and conditions set out below and the privacy statement.<\/p><p>1.1.3. M\u00fcxt\u0259lif biznes t\u0259r\u0259fda\u015flar\u0131 vasit\u0259sil\u0259 x\u00fcsusi t\u0259klifl\u0259r \u0259lav\u0259 v\u0259 ya m\u00fcxt\u0259lif \u015f\u0259rtl\u0259ri \u00f6z\u00fcnd\u0259 birl\u0259\u015fdir\u0259 bil\u0259r. Bel\u0259 \u015f\u0259raitd\u0259 h\u0259min x\u00fcsusi m\u00fcdd\u0259alar v\u0259 \u015f\u0259rtl\u0259r \u00fcst\u00fcnl\u00fck t\u0259\u015fkil ed\u0259c\u0259k.<\/p><p><b>1.2. Qeydiyyat v\u0259 Hesablar<\/b><\/p><p>1.2.1. Simforte xidm\u0259tl\u0259rind\u0259n istifad\u0259 etm\u0259k \u00fc\u00e7\u00fcn Sifari\u015f\u00e7id\u0259n hesab yaratmas\u0131 t\u0259l\u0259b oluna bil\u0259r. Sifari\u015f\u00e7i qeydiyyat zaman\u0131 d\u0259qiq m\u0259lumat verm\u0259y\u0259 raz\u0131d\u0131r.<\/p><p>1.2.2. M\u00fc\u015ft\u0259ril\u0259r hesab m\u0259lumatlar\u0131n\u0131n m\u0259xfiliyin\u0259 v\u0259 onlar\u0131n hesab\u0131 alt\u0131nda ba\u015f ver\u0259n b\u00fct\u00fcn f\u0259aliyy\u0259tl\u0259r\u0259 g\u00f6r\u0259 m\u0259suliyy\u0259t da\u015f\u0131y\u0131rlar.<\/p><p><b>1.3. M\u0259xfilik<\/b><\/p><p>1.3.1. Our Privacy Policy governs the collection and use of the Client&#8217;s personal information. By using our services, the Client agrees to our Privacy Policy.<\/p><p><b>1.4. Xitam v\u0259 dayand\u0131rma<\/b><\/p><p>1.4.1. Simforte, \u015f\u0259b\u0259k\u0259nin da\u011f\u0131lmas\u0131 v\u0259 ya texniki xidm\u0259tin dayand\u0131r\u0131lmas\u0131 n\u0259tic\u0259sind\u0259 yaranan hadis\u0259nin ba\u015f verm\u0259si s\u0259b\u0259bind\u0259n ist\u0259nil\u0259n vaxt x\u0259b\u0259rdarl\u0131q etm\u0259d\u0259n xidm\u0259tl\u0259r\u0259 giri\u015fi dayand\u0131rmaq v\u0259 ya dayand\u0131rmaq h\u00fcququnu \u00f6z\u00fcnd\u0259 saxlay\u0131r.<\/p><p>1.4.2. Simforte t\u0259r\u0259find\u0259n t\u0259qdim edil\u0259n Xidm\u0259tl\u0259rd\u0259n istifad\u0259 ed\u0259rk\u0259n M\u00fc\u015ft\u0259ri h\u0259r hans\u0131 bir sui-istifad\u0259, qanunsuz v\u0259 ya saxtakar h\u0259r\u0259k\u0259tl\u0259r\u0259 yol verm\u0259m\u0259li v\u0259 ya \u015e\u0259b\u0259k\u0259y\u0259 x\u0259l\u0259l g\u0259tir\u0259 v\u0259 ya z\u0259d\u0259l\u0259y\u0259 bil\u0259c\u0259k h\u0259r hans\u0131 h\u0259r\u0259k\u0259tl\u0259ri etm\u0259m\u0259lidir. M\u00fc\u015ft\u0259ri bu \u00f6hd\u0259liyi pozduqda, Simforte M\u00fc\u015ft\u0259rinin Xidm\u0259td\u0259n istifad\u0259sini dayand\u0131ra bil\u0259r.<\/p><p>1.4.3. Simforte t\u0259r\u0259find\u0259n t\u0259klif olunan b\u00fct\u00fcn paketl\u0259r yaln\u0131z insan M\u00fc\u015ft\u0259ril\u0259rin istifad\u0259si \u00fc\u00e7\u00fcn n\u0259z\u0259rd\u0259 tutulub. Bu paketl\u0259r he\u00e7 bir avtomatla\u015fd\u0131r\u0131lm\u0131\u015f sistem daxilind\u0259 istifad\u0259 edilm\u0259m\u0259lidir. Avtomatla\u015fd\u0131r\u0131lm\u0131\u015f sisteml\u0259r daxilind\u0259 v\u0259 ya qeyri-insani qurumlar t\u0259r\u0259find\u0259n istifad\u0259 t\u0259l\u0259b olundu\u011fu hallarda, M\u00fc\u015ft\u0259ri M\u00fc\u015ft\u0259ri D\u0259st\u0259yi il\u0259 \u0259laq\u0259 saxlamal\u0131 v\u0259 x\u00fcsusi paketl\u0259r t\u0259l\u0259b etm\u0259lidir. Bu istifad\u0259 m\u0259hdudiyy\u0259tinin h\u0259r hans\u0131 pozulmas\u0131 m\u00fcqavil\u0259nin l\u0259\u011fvin\u0259 s\u0259b\u0259b ola bil\u0259r.<\/p><p><b>1.5. Geri \u00f6d\u0259m\u0259 v\u0259 L\u0259\u011fv siyas\u0259tl\u0259ri v\u0259 t\u0259limatlar\u0131<\/b><\/p><p>1.5.1. Refunds, which are valid, are available for Clients anytime. Most issues can be solved by email.<\/p><p>1.5.2. After a valid refund is processed it may take 5-10 business days for the refund to show on the Client\u2019s payment card statement (if the payment was made via credit card). Via PayPal, it takes several minutes after issuing a refund. Refunds are issued to the same payment method (i.e. credit card or PayPal) used to make the purchase.<\/p><p>1.5.3. B\u00fct\u00fcn geri \u00f6d\u0259ni\u015fl\u0259r (kripto \u00f6d\u0259ni\u015fl\u0259r istisna olmaqla) kredit kart\u0131 v\u0259 dig\u0259r \u00f6d\u0259ni\u015f sistemi x\u0259rcl\u0259ri v\u0259 m\u0259hsulu t\u0259min etm\u0259k v\u0259 sonra onu l\u0259\u011fv etm\u0259k v\u0259 geri qaytarmaq \u00fc\u00e7\u00fcn t\u0259l\u0259b olunan emal resurslar\u0131na g\u00f6r\u0259 10% haqq\u0131na tabedir.<\/p><p>1.5.4. Simforte h\u0259r hans\u0131 t\u0259sad\u00fcfi sat\u0131nalmalar \u00fc\u00e7\u00fcn M\u00fc\u015ft\u0259rinin \u00f6d\u0259diyi m\u0259bl\u0259\u011f\u0259 b\u0259rab\u0259r m\u0259lumat t\u0259klif ed\u0259 bil\u0259r.<\/p><p>1.5.5. Doldurmalar geri qaytar\u0131lm\u0131r.<\/p><p>1.5.6. Simforte ist\u0259nil\u0259n vaxt xidm\u0259tl\u0259ri dayand\u0131rmaq h\u00fcququnu \u00f6z\u00fcnd\u0259 saxlay\u0131r. Bel\u0259 hallarda he\u00e7 bir geri \u00f6d\u0259ni\u015f t\u0259min edilm\u0259y\u0259c\u0259k.<\/p><p>1.5.7. Kripto \u00f6d\u0259ni\u015fl\u0259ri geri qaytar\u0131lm\u0131r.<\/p><p>1.5.8. Kripto \u00f6d\u0259ni\u015fl\u0259ri \u00fc\u00e7\u00fcn d\u0259st\u0259kl\u0259n\u0259n \u015f\u0259b\u0259k\u0259l\u0259r: Ethereum, Tron, BNB Smart Chain, Avalanche C-Chain, Solana, Polygon, Arbitrum One.<\/p><p>1.5.9. D\u0259st\u0259kl\u0259n\u0259n kriptovalyutalar: &#039;USDT (TRC20)&#039;, &#039;BTC&#039;, &#039;DAI&#039;, &#039;AXS (ERC20)&#039;, &#039;DASH&#039;, &#039;DOGE&#039;, &#039;ETH&#039;, &#039;LTC&#039;, &#039;TUSD (ERC20)&#039;, &#039;USDC (ERC20)&#039;,&#039;XTRERC&#039;,&#039;XTRERC&#039;,&#039;) &#039;AXS (TRC20)&#039;, &#039;HT (TRC20)&#039;, &#039;ETH (TRC20)&#039;, &#039;ETH (BEP20)&#039;, &#039;DAI (BEP20)&#039;, &#039;USDT (BEP20)&#039;, &#039;DESU (BEP20)&#039;, &#039;ADA (BEP20)&#039;, &#039;ADA (BEP20)&#039;,TCB&#039;B&#039;) (BEP20)&#039;, &#039;CSC&#039;. N\u0259z\u0259r\u0259 al\u0131n ki, h\u0259r kriptovalyuta \u00fc\u00e7\u00fcn \u00f6d\u0259ni\u015f \u00fc\u00e7\u00fcn minimum limit var.<\/p><p><b>2. AFFILIATE PROGRAMS<\/b><\/p><p>Currently not offered.<\/p><p><b>3. \u0130ST\u0130FAD\u018f PROQRAMI<\/b><\/p><p>Currently only offered by sending a direct request to support@simforte.com and the Simforte team advising on the rewards available for participation.<\/p><p><b>4. M\u018fDD\u018fT<\/b><\/p><p>4.1. Simforte sayt\u0131ndak\u0131 materiallar \u201coldu\u011fu kimi\u201d verilir. Simforte a\u00e7\u0131q v\u0259 ya n\u0259z\u0259rd\u0259 tutulan he\u00e7 bir z\u0259man\u0259t vermir v\u0259 bununla da b\u00fct\u00fcn dig\u0259r z\u0259man\u0259tl\u0259ri, o c\u00fcml\u0259d\u0259n m\u0259hdudiyy\u0259tsiz, n\u0259z\u0259rd\u0259 tutulan z\u0259man\u0259tl\u0259r v\u0259 ya sat\u0131la bilm\u0259 \u015f\u0259rtl\u0259ri, m\u00fc\u0259yy\u0259n bir m\u0259qs\u0259d\u0259 uy\u011funluq v\u0259 ya \u0259qli m\u00fclkiyy\u0259tin pozulmamas\u0131 v\u0259 ya h\u00fcquqlar\u0131n dig\u0259r pozuntular\u0131 da daxil olmaqla, imtina edir v\u0259 r\u0259dd edir. Bundan \u0259lav\u0259, Simforte \u00f6z veb-sayt\u0131nda v\u0259 ya bu c\u00fcr materiallarla v\u0259 ya bu saytla \u0259laq\u0259li h\u0259r hans\u0131 saytlarda materiallar\u0131n istifad\u0259sinin d\u00fczg\u00fcnl\u00fcy\u00fcn\u0259, ehtimal olunan n\u0259tic\u0259l\u0259rin\u0259 v\u0259 ya etibarl\u0131l\u0131\u011f\u0131na dair he\u00e7 bir z\u0259man\u0259t vermir v\u0259 ya he\u00e7 bir a\u00e7\u0131qlama vermir.<\/p><p>4.2. Network operators in countries could be changed by the Simforte team without notice.<\/p><p><b>5. M\u018fHDUD\u0130YY\u018fTL\u018fR<\/b><\/p><p>5.1. He\u00e7 bir halda Simforte v\u0259 ya onun t\u0259chizat\u00e7\u0131lar\u0131 Simforte \u0130nternet sayt\u0131nda materiallar\u0131n istifad\u0259si v\u0259 ya istifad\u0259 ed\u0259 bilm\u0259m\u0259si n\u0259tic\u0259sind\u0259 yaranan h\u0259r hans\u0131 ziyana g\u00f6r\u0259 (o c\u00fcml\u0259d\u0259n, m\u0259hdudiyy\u0259tsiz olaraq m\u0259lumatlar\u0131n v\u0259 ya m\u0259nf\u0259\u0259tin itirilm\u0259si v\u0259 ya i\u015fin dayand\u0131r\u0131lmas\u0131 il\u0259 ba\u011fl\u0131) m\u0259suliyy\u0259t da\u015f\u0131m\u0131r, h\u0259tta Simforte bel\u0259 z\u0259r\u0259rin m\u00fcmk\u00fcnl\u00fcy\u00fc bar\u0259d\u0259 \u015fifahi v\u0259 ya yaz\u0131l\u0131 \u015f\u0259kild\u0259 x\u0259b\u0259rdar edils\u0259 bel\u0259.<\/p><p><b>6. YEN\u0130L\u0130\u015eL\u018fR V\u018f S\u018fHVL\u018fR<\/b><\/p><p>6.1. Simforte internet sayt\u0131nda g\u00f6r\u00fcn\u0259n materiallar texniki, \u00e7ap v\u0259 ya fotoqrafik s\u0259hvl\u0259ri ehtiva ed\u0259 bil\u0259r. Simforte veb-sayt\u0131ndak\u0131 h\u0259r hans\u0131 material\u0131n d\u0259qiq, tam v\u0259 ya aktual oldu\u011funa z\u0259man\u0259t vermir. Simforte ist\u0259nil\u0259n vaxt x\u0259b\u0259rdarl\u0131q etm\u0259d\u0259n \u00f6z sayt\u0131ndak\u0131 materiallara d\u0259yi\u015fiklik ed\u0259 bil\u0259r. Bununla bel\u0259, Simforte materiallar\u0131 yenil\u0259m\u0259k \u00fc\u00e7\u00fcn he\u00e7 bir \u00f6hd\u0259lik g\u00f6t\u00fcrm\u00fcr.<\/p><p><b>7. L\u0130NKL\u018fR<\/b><\/p><p>7.1. Simforte \u00f6z \u0130nternet veb-sayt\u0131 il\u0259 \u0259laq\u0259l\u0259ndirilmi\u015f b\u00fct\u00fcn saytlar\u0131 n\u0259z\u0259rd\u0259n ke\u00e7irm\u0259yib v\u0259 bu c\u00fcr \u0259laq\u0259l\u0259ndirilmi\u015f sayt\u0131n m\u0259zmununa g\u00f6r\u0259 m\u0259suliyy\u0259t da\u015f\u0131m\u0131r. H\u0259r hans\u0131 bir ke\u00e7idin daxil edilm\u0259si sayt\u0131n Simforte t\u0259r\u0259find\u0259n t\u0259sdiql\u0259nm\u0259si dem\u0259k deyil. H\u0259r hans\u0131 bu c\u00fcr \u0259laq\u0259li vebsaytdan istifad\u0259 riski istifad\u0259\u00e7inin \u00f6z \u00fcz\u0259rin\u0259 d\u00fc\u015f\u00fcr.<\/p><p><b>8. T\u018fTB\u0130Q ED\u0130L\u018fN QANUN V\u018f Y\u00dcR\u0130D\u0130KS\u0130YA<\/b><\/p><p>8.1. These Terms shall be construed in accordance with the laws of Singapore, Asia. In the event that the Parties are unable to amicably resolve disputes through negotiations, such disputes shall be definitively settled through arbitration mechanisms and laws of Singapore.<\/p><p><b>9. SAYTIN \u0130ST\u0130FAD\u018f \u015e\u018fRTL\u018fR\u0130ND\u018fN D\u018fY\u0130\u015e\u0130KL\u018fR<\/b><\/p><p>9.1. Simforte ist\u0259nil\u0259n vaxt x\u0259b\u0259rdarl\u0131q etm\u0259d\u0259n \u00f6z vebsayt\u0131 \u00fc\u00e7\u00fcn bu istifad\u0259 \u015f\u0259rtl\u0259rin\u0259 yenid\u0259n baxa bil\u0259r. Bu vebsaytdan istifad\u0259 etm\u0259kl\u0259, siz bu \u0130stifad\u0259 \u015e\u0259rtl\u0259rinin o vaxtk\u0131 versiyas\u0131 il\u0259 ba\u011fl\u0131 olma\u011fa raz\u0131la\u015f\u0131rs\u0131n\u0131z.<\/p>\t\t\t\t\t\t\t\t<\/div>\n\t\t\t\t<\/div>\n\t\t\t\t\t<\/div>\n\t\t\t\t<\/div>\n\t\t\t\t<\/div>","protected":false},"excerpt":{"rendered":"<p>Terms and conditions 1. VALIDITY OF GENERAL TERMS AND CONDITIONS 1.1. Terms 1.1.1. This Simforte website is managed and operated by the simforte.com Group, with connectivity services being supplied by the same entity and its partners. 1.1.2. These terms and conditions, as may be amended from time to time, shall apply to all services rendered [&hellip;]<\/p>","protected":false},"author":1,"featured_media":0,"parent":0,"menu_order":0,"comment_status":"closed","ping_status":"closed","template":"","meta":{"om_disable_all_campaigns":false,"_monsterinsights_skip_tracking":false,"_monsterinsights_sitenote_active":false,"_monsterinsights_sitenote_note":"","_monsterinsights_sitenote_category":0,"footnotes":""},"class_list":["post-84","page","type-page","status-publish","hentry"],"aioseo_notices":[],"_links":{"self":[{"href":"https:\/\/simforte1.com\/az\/wp-json\/wp\/v2\/pages\/84","targetHints":{"allow":["GET"]}}],"collection":[{"href":"https:\/\/simforte1.com\/az\/wp-json\/wp\/v2\/pages"}],"about":[{"href":"https:\/\/simforte1.com\/az\/wp-json\/wp\/v2\/types\/page"}],"author":[{"embeddable":true,"href":"https:\/\/simforte1.com\/az\/wp-json\/wp\/v2\/users\/1"}],"replies":[{"embeddable":true,"href":"https:\/\/simforte1.com\/az\/wp-json\/wp\/v2\/comments?post=84"}],"version-history":[{"count":31,"href":"https:\/\/simforte1.com\/az\/wp-json\/wp\/v2\/pages\/84\/revisions"}],"predecessor-version":[{"id":942,"href":"https:\/\/simforte1.com\/az\/wp-json\/wp\/v2\/pages\/84\/revisions\/942"}],"wp:attachment":[{"href":"https:\/\/simforte1.com\/az\/wp-json\/wp\/v2\/media?parent=84"}],"curies":[{"name":"wp","href":"https:\/\/api.w.org\/{rel}","templated":true}]}}